{"id":12,"date":"2021-06-07T14:31:08","date_gmt":"2021-06-07T14:31:08","guid":{"rendered":"https:\/\/onowat.com\/?page_id=12"},"modified":"2021-06-07T14:31:08","modified_gmt":"2021-06-07T14:31:08","slug":"carrito","status":"publish","type":"page","link":"https:\/\/onowat.com\/?page_id=12","title":{"rendered":"Carrito"},"content":{"rendered":"<div class=\"woocommerce\"><div class=\"woocommerce-notices-wrapper\"><\/div><p class=\"cart-empty woocommerce-info\">Tu carrito est\u00e1 vac\u00edo.<\/p>\r\n\r\n\r\n\r\n\t<p class=\"cart-empty\">\r\n\t\t<div class=\"sh-nothing-found sh-table\">\r\n\t\t\t<div class=\"sh-table-cell-top\">\r\n\t\t\t\t<i class=\"icon-compass\"><\/i>\r\n\t\t\t<\/div>\r\n\t\t\t<div class=\"sh-table-cell-top\">\r\n\t\t\t\t<h2>Carro de compra vac\u00edo<\/h2>\r\n\t\t\t\t<p>\r\n\t\t\t\t\tParece que no hay nada en tu cesta de la compra.\t\t\t\t<\/p>\r\n\t\t\t<\/div>\r\n\t\t<\/div>\r\n\r\n\t\t<div class=\"sh-nothing-found-big\">\r\n\t\t\t<span>Tu cesta de la compra est\u00e1<\/span>\r\n\t\t\t<div>Actualmente vac\u00edo<\/div>\r\n\t\t<\/div>\r\n\r\n\r\n\t<div class=\"woocommerce-notices-wrapper\"><\/div><p class=\"cart-empty woocommerce-info\">Tu carrito est\u00e1 vac\u00edo.<\/p>\r\n\t\t\t<p class=\"return-to-shop\">\r\n\t\t\t<a class=\"button wc-backward\" href=\"https:\/\/onowat.com\/?page_id=11\">\r\n\t\t\t\tVolver a la tienda\t\t\t<\/a>\r\n\t\t<\/p>\r\n\t\r\n<\/div>\n","protected":false},"excerpt":{"rendered":"<p>Tu carrito est\u00e1 vac\u00edo. Carro de compra vac\u00edo Parece que no hay nada en tu cesta de la compra. Tu cesta de la compra est\u00e1 Actualmente vac\u00edo Tu carrito est\u00e1 vac\u00edo. Volver a la tienda<\/p>\n","protected":false},"author":1,"featured_media":0,"parent":0,"menu_order":0,"comment_status":"closed","ping_status":"closed","template":"","meta":[],"_links":{"self":[{"href":"https:\/\/onowat.com\/index.php?rest_route=\/wp\/v2\/pages\/12"}],"collection":[{"href":"https:\/\/onowat.com\/index.php?rest_route=\/wp\/v2\/pages"}],"about":[{"href":"https:\/\/onowat.com\/index.php?rest_route=\/wp\/v2\/types\/page"}],"author":[{"embeddable":true,"href":"https:\/\/onowat.com\/index.php?rest_route=\/wp\/v2\/users\/1"}],"replies":[{"embeddable":true,"href":"https:\/\/onowat.com\/index.php?rest_route=%2Fwp%2Fv2%2Fcomments&post=12"}],"version-history":[{"count":0,"href":"https:\/\/onowat.com\/index.php?rest_route=\/wp\/v2\/pages\/12\/revisions"}],"wp:attachment":[{"href":"https:\/\/onowat.com\/index.php?rest_route=%2Fwp%2Fv2%2Fmedia&parent=12"}],"curies":[{"name":"wp","href":"https:\/\/api.w.org\/{rel}","templated":true}]}}