{"id":175,"date":"2021-06-09T16:04:14","date_gmt":"2021-06-09T16:04:14","guid":{"rendered":"https:\/\/onowat.com\/?page_id=175"},"modified":"2021-06-13T20:43:08","modified_gmt":"2021-06-13T20:43:08","slug":"nosotros","status":"publish","type":"page","link":"https:\/\/onowat.com\/?page_id=175","title":{"rendered":"Nosotros"},"content":{"rendered":"<p>[vc_row full_width=\u00bbstretch_row_content\u00bb equal_height=\u00bbyes\u00bb content_placement=\u00bbmiddle\u00bb el_id=\u00bbabout\u00bb][vc_column width=\u00bb1\/2&#8243; overflow=\u00bbdefault\u00bb css=\u00bb.vc_custom_1623303791672{padding-top: 150px !important;padding-bottom: 150px !important;background: #f6f8f7 url(https:\/\/onowat.com\/wp-content\/uploads\/2021\/06\/WhatsApp-Image-2021-06-10-at-07.41.00.jpeg?id=244) !important;background-position: center !important;background-repeat: no-repeat !important;background-size: cover !important;}\u00bb][\/vc_column][vc_column css_animation=\u00bbfadeIn\u00bb width=\u00bb1\/2&#8243; shadow=\u00bbshadow1&#8243; max_width=\u00bb75%\u00bb padding_tablet=\u00bb60px 0px 60px 0px\u00bb css=\u00bb.vc_custom_1531911538608{padding-top: 120px !important;padding-bottom: 120px !important;}\u00bb]\r\n<div class=\"sh-heading  \" id=\"heading-fX42UbHtFI\">\r\n\t<div class=\"sh-element-margin\">\r\n\r\n\t\t\r\n\t\t\t<h2 class=\"sh-heading-content size-m text-center\">\r\n\t\t\t\tEn el mundo de las instalaciones desde 1992\t\t\t<\/h2>\r\n\r\n\t\t\r\n\t<\/div>\r\n<\/div>\r\n            <style type=\"text\/css\">\r\n                #heading-fX42UbHtFI .sh-element-margin {}#heading-fX42UbHtFI .sh-heading-content {font-weight: 400!important;letter-spacing: 8px;color: #8d8d8d;}#heading-fX42UbHtFI .sh-heading-content,#heading-fX42UbHtFI .sh-heading-additional-text {}#heading-fX42UbHtFI .sh-heading-content {font-style: italic!important;}            <\/style>\r\n        \r\n            \r\n            <div class=\"sh-empty-space vc_empty_space sh-empty-space-RYMehdkUqT  \" style=\"height: 14px\">\r\n                <span class=\"vc_empty_space_inner\"><\/span>\r\n            <\/div>\r\n\r\n        \r\n<div class=\"sh-heading  \" id=\"heading-bvJkr6Cjny\">\r\n\t<div class=\"sh-element-margin\">\r\n\r\n\t\t\r\n\t\t\t<h2 class=\"sh-heading-content size-xl text-center\">\r\n\t\t\t\tNUESTRA HISTORIA\t\t\t<\/h2>\r\n\r\n\t\t\r\n\t<\/div>\r\n<\/div>\r\n            <style type=\"text\/css\">\r\n                #heading-bvJkr6Cjny .sh-element-margin {}#heading-bvJkr6Cjny .sh-heading-content {font-weight: 700!important;}#heading-bvJkr6Cjny .sh-heading-content,#heading-bvJkr6Cjny .sh-heading-additional-text {}            <\/style>\r\n        \r\n            \r\n            <div class=\"sh-empty-space vc_empty_space sh-empty-space-sUmuKt8yHV  \" style=\"height: 20px\">\r\n                <span class=\"vc_empty_space_inner\"><\/span>\r\n            <\/div>\r\n\r\n        \r\n<div id=\"divider-l1P3ecLOfS\" class=\"sh-divider sh-divider- sh-divider-content-icon_option\">\r\n\t\t\t<div class=\"sh-divider-content\">\r\n\t\t\t<span class=\"sh-divider-icon\">\r\n\t\t\t\t<i class=\"ti-star\"><\/i>&nbsp;<i class=\"ti-star\"><\/i>&nbsp;<i class=\"ti-star\"><\/i>\t\t\t<\/span>\r\n\t\t<\/div>\r\n\t<\/div>\r\n            <style type=\"text\/css\">\r\n                #divider-l1P3ecLOfS {}#divider-l1P3ecLOfS .sh-divider-content:before,#divider-l1P3ecLOfS .sh-divider-content:after {border-top-width: 1px;margin-top: -1pxpx;border-top-style: solid;}#divider-l1P3ecLOfS .sh-divider-icon {color: #dddddd;}            <\/style>\r\n        \r\n            \r\n            <div class=\"sh-empty-space vc_empty_space sh-empty-space-ipUeAg72X0  \" style=\"height: 10px\">\r\n                <span class=\"vc_empty_space_inner\"><\/span>\r\n            <\/div>\r\n\r\n        \r\n<div id=\"text-block-5JjLNVnFO9\" class=\"sh-text-block\">\r\n\t<\/p>\n<p style=\"text-align: left;\"><strong>Onowat<\/strong> nace de la iniciativa de la empresa de gesti\u00f3n energ\u00e9tica <a href=\"http:\/\/www.planreduce.com\"><strong>Reduce, S.L.<\/strong><\/a> colaborando con los<strong> mejores instaladores el\u00e9ctricos<\/strong><\/p>\n<p style=\"text-align: left;\">En Reduce llevamos <strong>10 a\u00f1os<\/strong> asesorando a grandes empresas en materia energ\u00e9tica y hemos visto un problema recurrente en las instalaciones solares en viviendas<\/p>\n<p>Las<strong> instalaciones solares<\/strong> para <strong>vivienda particular<\/strong> son un activo que debe ser tratado con el m\u00e1ximo cuidado y respeto<\/p>\n<p>La <strong>rentabilidad<\/strong> de la inversi\u00f3n debe ser <strong>garantizada, <\/strong>pero\u00a0lamentablemente vemos instalaciones realizadas con m\u00f3dulos de segunda o tercera categor\u00eda e inversores baratos con garant\u00edas muy limitadas en el tiempo<\/p>\n<p>Esto supone que en el ciclo de 25 a\u00f1os de vida \u00fatil m\u00ednima exigible, con una instalaci\u00f3n mediocre se deben cambiar los inversores al menos una vez y los m\u00f3dulos pierden la garant\u00eda de producto al 10 \u00f3 12 a\u00f1o<\/p>\n<p>Adem\u00e1s el mercado acusa una<strong> falta<\/strong> de <strong>estandarizaci\u00f3n de procesos<\/strong> y una serie de<strong> trabas administrativas<\/strong> que, a d\u00eda de hoy<strong> hacen muy complicado<\/strong> que <strong>tu<\/strong> tengas una<strong> instalaci\u00f3n solar<\/strong> en tu tejado de manera <strong>r\u00e1pida, eficiente, rentable<\/strong> y con material de<strong> calidad<\/strong>.<\/p>\n<p>Por eso nos hemos unido para dar <strong>el mejor servicio<\/strong> a los propietarios de viviendas unifamiliares.<\/p>\n<p>Nuestro objetivo es llegar a <strong>5000<\/strong> tejados solares de alta rentabilidad en el plazo de<strong> 3 a\u00f1os<\/strong>,<\/p>\n<p>&nbsp;<\/p>\n<p><strong>\u00bfNos ayudas a conseguirlo?<\/strong><\/div>\r\n            <style type=\"text\/css\">\r\n                #text-block-5JjLNVnFO9 {margin: 0px 0px 15px 0px;}#text-block-5JjLNVnFO9 a:hover,#text-block-5JjLNVnFO9 a:focus {color: #1738e2;}#text-block-5JjLNVnFO9 .drop-cap {font-weight: bold;font-size: 50px;display: block;float: left;margin: 8px 10px 0 0;}            <\/style>\r\n        \r\n            \r\n            <div class=\"sh-empty-space vc_empty_space sh-empty-space-0B1VGxsTw6  \" style=\"height: 20px\">\r\n                <span class=\"vc_empty_space_inner\"><\/span>\r\n            <\/div>\r\n\r\n        \r\n<div id=\"single-image-LTne2W5Ukq\" class=\"sh-single-image  \">\r\n\t<div class=\"sh-element-margin\">\r\n\r\n\t\t\r\n\t\t\t<div class=\"sh-single-image-container\">\r\n\t\t\t\t\r\n\t\t\t\t\r\n\t\t\t\t\t\t\t<\/div>\r\n\r\n\t\t\r\n\t<\/div>\r\n<\/div>\r\n            <style type=\"text\/css\">\r\n                #single-image-LTne2W5Ukq {text-align: left;}@media (max-width: 800px) {#single-image-LTne2W5Ukq {text-align: left;}}            <\/style>\r\n        [\/vc_column][\/vc_row]<\/p>\n","protected":false},"excerpt":{"rendered":"<p>[vc_row full_width=\u00bbstretch_row_content\u00bb equal_height=\u00bbyes\u00bb content_placement=\u00bbmiddle\u00bb el_id=\u00bbabout\u00bb][vc_column width=\u00bb1\/2&#8243; overflow=\u00bbdefault\u00bb css=\u00bb.vc_custom_1623303791672{padding-top: 150px !important;padding-bottom: 150px !important;background: #f6f8f7 url(https:\/\/onowat.com\/wp-content\/uploads\/2021\/06\/WhatsApp-Image-2021-06-10-at-07.41.00.jpeg?id=244) !important;background-position: center !important;background-repeat: no-repeat !important;background-size: cover !important;}\u00bb][\/vc_column][vc_column css_animation=\u00bbfadeIn\u00bb width=\u00bb1\/2&#8243; shadow=\u00bbshadow1&#8243; max_width=\u00bb75%\u00bb padding_tablet=\u00bb60px 0px 60px 0px\u00bb css=\u00bb.vc_custom_1531911538608{padding-top: 120px !important;padding-bottom: 120px !important;}\u00bb] En el mundo de las instalaciones desde 1992 NUESTRA HISTORIA &nbsp;&nbsp;&#8230;<\/p>\n","protected":false},"author":2,"featured_media":0,"parent":0,"menu_order":0,"comment_status":"closed","ping_status":"closed","template":"","meta":[],"_links":{"self":[{"href":"https:\/\/onowat.com\/index.php?rest_route=\/wp\/v2\/pages\/175"}],"collection":[{"href":"https:\/\/onowat.com\/index.php?rest_route=\/wp\/v2\/pages"}],"about":[{"href":"https:\/\/onowat.com\/index.php?rest_route=\/wp\/v2\/types\/page"}],"author":[{"embeddable":true,"href":"https:\/\/onowat.com\/index.php?rest_route=\/wp\/v2\/users\/2"}],"replies":[{"embeddable":true,"href":"https:\/\/onowat.com\/index.php?rest_route=%2Fwp%2Fv2%2Fcomments&post=175"}],"version-history":[{"count":7,"href":"https:\/\/onowat.com\/index.php?rest_route=\/wp\/v2\/pages\/175\/revisions"}],"predecessor-version":[{"id":294,"href":"https:\/\/onowat.com\/index.php?rest_route=\/wp\/v2\/pages\/175\/revisions\/294"}],"wp:attachment":[{"href":"https:\/\/onowat.com\/index.php?rest_route=%2Fwp%2Fv2%2Fmedia&parent=175"}],"curies":[{"name":"wp","href":"https:\/\/api.w.org\/{rel}","templated":true}]}}